{"id":513,"date":"2024-08-10T09:06:42","date_gmt":"2024-08-10T09:06:42","guid":{"rendered":"https:\/\/aventus.es\/aventus\/"},"modified":"2024-09-30T08:33:26","modified_gmt":"2024-09-30T08:33:26","slug":"aventus","status":"publish","type":"page","link":"https:\/\/aventus.es\/de\/","title":{"rendered":"Aventus"},"content":{"rendered":"\t\t<div data-elementor-type=\"wp-page\" data-elementor-id=\"513\" class=\"elementor elementor-513 elementor-23\" data-elementor-post-type=\"page\">\n\t\t\t\t<div class=\"elementor-element elementor-element-9f753c7 e-con-full e-flex e-con e-parent\" data-id=\"9f753c7\" data-element_type=\"container\" data-settings=\"{&quot;background_background&quot;:&quot;classic&quot;}\">\n\t\t<div class=\"elementor-element elementor-element-5e19d11 e-flex e-con-boxed e-con e-child\" data-id=\"5e19d11\" data-element_type=\"container\" data-settings=\"{&quot;background_background&quot;:&quot;classic&quot;}\">\n\t\t\t\t\t<div class=\"e-con-inner\">\n\t\t\t\t<div class=\"elementor-element elementor-element-199f4af elementor-widget elementor-widget-heading\" data-id=\"199f4af\" data-element_type=\"widget\" data-widget_type=\"heading.default\">\n\t\t\t\t<div class=\"elementor-widget-container\">\n\t\t\t<h1 class=\"elementor-heading-title elementor-size-default\">Willkommen im Aventus Sports Club<\/h1>\t\t<\/div>\n\t\t\t\t<\/div>\n\t\t\t\t<div class=\"elementor-element elementor-element-a405416 elementor-widget-divider--view-line elementor-widget elementor-widget-divider\" data-id=\"a405416\" data-element_type=\"widget\" data-widget_type=\"divider.default\">\n\t\t\t\t<div class=\"elementor-widget-container\">\n\t\t\t\t\t<div class=\"elementor-divider\">\n\t\t\t<span class=\"elementor-divider-separator\">\n\t\t\t\t\t\t<\/span>\n\t\t<\/div>\n\t\t\t\t<\/div>\n\t\t\t\t<\/div>\n\t\t\t\t\t<\/div>\n\t\t\t\t<\/div>\n\t\t\t\t<\/div>\n\t\t<div class=\"elementor-element elementor-element-9a6dbed e-con-full e-flex e-con e-parent\" data-id=\"9a6dbed\" data-element_type=\"container\" data-settings=\"{&quot;background_background&quot;:&quot;classic&quot;}\">\n\t\t<div class=\"elementor-element elementor-element-5b96b41 e-con-full e-flex e-con e-child\" data-id=\"5b96b41\" data-element_type=\"container\">\n\t\t<div class=\"elementor-element elementor-element-7dfbbd7 e-con-full e-flex e-con e-child\" data-id=\"7dfbbd7\" data-element_type=\"container\">\n\t\t\t\t<div class=\"elementor-element elementor-element-3b23e43 elementor-widget elementor-widget-text-editor\" data-id=\"3b23e43\" data-element_type=\"widget\" data-widget_type=\"text-editor.default\">\n\t\t\t\t<div class=\"elementor-widget-container\">\n\t\t\t\t\t\t\t<p>Aventus Padel ist ein exklusiver Padel-Club mit 8 hochmodernen, von der World Padel Tour anerkannten Pl\u00e4tzen, die ein professionelles Spielerlebnis bieten.<br \/>\nDie Einrichtungen sind sowohl f\u00fcr Elite-Spieler als auch f\u00fcr Amateure gedacht, die das beste Padel in einer modernen und einladenden Atmosph\u00e4re genie\u00dfen m\u00f6chten.   <\/p>\n<p>Aventus Padel zeichnet sich durch seine Qualit\u00e4t aus. Die beleuchteten Pl\u00e4tze sind mit dem besten Kunstrasen ausgestattet und garantieren eine optimale Leistung bei jedem Spiel.<br \/>\nDar\u00fcber hinaus bietet der Club eine breite Palette von Dienstleistungen wie Kurse, Turniere, Ranglisten und gesellschaftliche Veranstaltungen&#8230; und ist damit der ideale Treffpunkt f\u00fcr Padel-Liebhaber. <\/p>\n\t\t\t\t\t\t<\/div>\n\t\t\t\t<\/div>\n\t\t\t\t<\/div>\n\t\t\t\t<\/div>\n\t\t\t\t<\/div>\n\t\t<div class=\"elementor-element elementor-element-07cd36c e-con-full e-flex e-con e-parent\" data-id=\"07cd36c\" data-element_type=\"container\" data-settings=\"{&quot;background_background&quot;:&quot;classic&quot;}\">\n\t\t<a class=\"elementor-element elementor-element-01392f9 e-flex e-con-boxed e-con e-child\" data-id=\"01392f9\" data-element_type=\"container\" data-settings=\"{&quot;background_background&quot;:&quot;classic&quot;}\" href=\"https:\/\/aventus.es\/de\/padel\/\">\n\t\t\t\t\t<div class=\"e-con-inner\">\n\t\t\t\t<div class=\"elementor-element elementor-element-4905761 text-underline elementor-widget elementor-widget-heading\" data-id=\"4905761\" data-element_type=\"widget\" data-widget_type=\"heading.default\">\n\t\t\t\t<div class=\"elementor-widget-container\">\n\t\t\t<h2 class=\"elementor-heading-title elementor-size-default\">Padel  <\/h2>\t\t<\/div>\n\t\t\t\t<\/div>\n\t\t\t\t<div class=\"elementor-element elementor-element-dee024b elementor-widget-divider--view-line elementor-widget elementor-widget-divider\" data-id=\"dee024b\" data-element_type=\"widget\" data-widget_type=\"divider.default\">\n\t\t\t\t<div class=\"elementor-widget-container\">\n\t\t\t\t\t<div class=\"elementor-divider\">\n\t\t\t<span class=\"elementor-divider-separator\">\n\t\t\t\t\t\t<\/span>\n\t\t<\/div>\n\t\t\t\t<\/div>\n\t\t\t\t<\/div>\n\t\t\t\t\t<\/div>\n\t\t\t\t<\/a>\n\t\t<a class=\"elementor-element elementor-element-63146ec e-flex e-con-boxed e-con e-child\" data-id=\"63146ec\" data-element_type=\"container\" data-settings=\"{&quot;background_background&quot;:&quot;classic&quot;}\" href=\"https:\/\/aventus.es\/de\/fitnessstudio\/\">\n\t\t\t\t\t<div class=\"e-con-inner\">\n\t\t\t\t<div class=\"elementor-element elementor-element-5849022 text-underline elementor-widget elementor-widget-heading\" data-id=\"5849022\" data-element_type=\"widget\" data-widget_type=\"heading.default\">\n\t\t\t\t<div class=\"elementor-widget-container\">\n\t\t\t<h2 class=\"elementor-heading-title elementor-size-default\">Fitnessstudio<\/h2>\t\t<\/div>\n\t\t\t\t<\/div>\n\t\t\t\t<div class=\"elementor-element elementor-element-1ce8ed1 elementor-widget-divider--view-line elementor-widget elementor-widget-divider\" data-id=\"1ce8ed1\" data-element_type=\"widget\" data-widget_type=\"divider.default\">\n\t\t\t\t<div class=\"elementor-widget-container\">\n\t\t\t\t\t<div class=\"elementor-divider\">\n\t\t\t<span class=\"elementor-divider-separator\">\n\t\t\t\t\t\t<\/span>\n\t\t<\/div>\n\t\t\t\t<\/div>\n\t\t\t\t<\/div>\n\t\t\t\t\t<\/div>\n\t\t\t\t<\/a>\n\t\t\t\t<\/div>\n\t\t<div class=\"elementor-element elementor-element-fa4a696 e-con-full e-flex e-con e-parent\" data-id=\"fa4a696\" data-element_type=\"container\" data-settings=\"{&quot;background_background&quot;:&quot;classic&quot;}\">\n\t\t<div class=\"elementor-element elementor-element-0c21ac4 e-con-full e-flex e-con e-child\" data-id=\"0c21ac4\" data-element_type=\"container\" data-settings=\"{&quot;background_background&quot;:&quot;classic&quot;}\">\n\t\t\t\t<div class=\"elementor-element elementor-element-f8589e7 elementor-widget elementor-widget-text-editor\" data-id=\"f8589e7\" data-element_type=\"widget\" data-widget_type=\"text-editor.default\">\n\t\t\t\t<div class=\"elementor-widget-container\">\n\t\t\t\t\t\t\t<p>Aventus Padel bietet nicht nur erstklassige Sporteinrichtungen, sondern verf\u00fcgt auch \u00fcber eine sch\u00f6ne Bar mit einer gro\u00dfen Terrasse, von der aus Sie einen Panoramablick auf die Paddelpl\u00e4tze haben.  <\/p>\n<p>Dieser Raum ist f\u00fcr Spieler und Besucher gedacht, um eine entspannte und angenehme Atmosph\u00e4re zu genie\u00dfen. Er ist ideal, um nach den Spielen Kontakte zu kn\u00fcpfen oder einfach nur einen Drink zu genie\u00dfen, w\u00e4hrend Sie das Spiel verfolgen.<br \/>\nDie Terrasse mit ihrer gem\u00fctlichen Umgebung und dem direkten Blick auf die Pl\u00e4tze verleiht dem Club eine besondere Note und macht Aventus Padel zu einem einzigartigen Ort, um Padel in all seinen Facetten zu erleben. <\/p>\n\t\t\t\t\t\t<\/div>\n\t\t\t\t<\/div>\n\t\t\t\t<\/div>\n\t\t<div class=\"elementor-element elementor-element-8f13b38 e-con-full e-flex e-con e-child\" data-id=\"8f13b38\" data-element_type=\"container\" data-settings=\"{&quot;background_background&quot;:&quot;classic&quot;}\">\n\t\t\t\t<\/div>\n\t\t\t\t<\/div>\n\t\t<div class=\"elementor-element elementor-element-e738c6f e-con-full e-flex e-con e-parent\" data-id=\"e738c6f\" data-element_type=\"container\" data-settings=\"{&quot;background_background&quot;:&quot;classic&quot;}\">\n\t\t<div class=\"elementor-element elementor-element-f5f39c6 e-con-full e-flex e-con e-child\" data-id=\"f5f39c6\" data-element_type=\"container\" data-settings=\"{&quot;background_background&quot;:&quot;classic&quot;}\">\n\t\t\t\t<div class=\"elementor-element elementor-element-55f8a08 elementor-widget elementor-widget-text-editor\" data-id=\"55f8a08\" data-element_type=\"widget\" data-widget_type=\"text-editor.default\">\n\t\t\t\t<div class=\"elementor-widget-container\">\n\t\t\t\t\t\t\t<p>In unserem Padel Club haben wir ein qualifiziertes und leidenschaftliches Team f\u00fcr diesen Sport.<\/p>\n<p>Isaac Bote, der Manager des Clubs, bringt mehr als 20 Jahre Erfahrung als Padelspieler und 6 Jahre als Trainer mit. Er kombiniert seine Liebe zum Sport mit einem soliden Hintergrund im Unterrichten und Sportmanagement.<br \/>\nSein Fokus auf die Verbesserung des Niveaus der Spieler und die Aufrechterhaltung einer einladenden Atmosph\u00e4re machen Isaac zu einer tragenden S\u00e4ule des Clubs. <\/p>\n<p>Juanjo Cerezo, mit 10 Jahren Erfahrung als Padelspieler und 6 Jahren als Trainer, ist eine weitere unserer gro\u00dfartigen Referenzen.<br \/>\nSeine technischen F\u00e4higkeiten und seine Erfahrung als Trainer erm\u00f6glichen es ihm, personalisierte Trainingseinheiten anzubieten, die auf die Bed\u00fcrfnisse jedes einzelnen Spielers abgestimmt sind und ihnen helfen, ihr maximales Potenzial zu erreichen. <\/p>\n<p>An der Rezeption werden Sie von Natalia und Xavi immer mit einem L\u00e4cheln und gro\u00dfer Aufmerksamkeit empfangen.<br \/>\nIhre Freundlichkeit und Bereitschaft machen die Erfahrung im Club immer einladend und sorgen daf\u00fcr, dass sich jedes Mitglied und jeder Besucher vom ersten Moment an willkommen f\u00fchlt. <\/p>\n\t\t\t\t\t\t<\/div>\n\t\t\t\t<\/div>\n\t\t\t\t<\/div>\n\t\t<div class=\"elementor-element elementor-element-e613b08 e-con-full e-flex e-con e-child\" data-id=\"e613b08\" data-element_type=\"container\" data-settings=\"{&quot;background_background&quot;:&quot;classic&quot;}\">\n\t\t\t\t<\/div>\n\t\t\t\t<\/div>\n\t\t<div class=\"elementor-element elementor-element-7bb4828 e-flex e-con-boxed e-con e-parent\" data-id=\"7bb4828\" data-element_type=\"container\">\n\t\t\t\t\t<div class=\"e-con-inner\">\n\t\t\t\t<div class=\"elementor-element elementor-element-84cde57 elementor-widget elementor-widget-heading\" data-id=\"84cde57\" data-element_type=\"widget\" data-widget_type=\"heading.default\">\n\t\t\t\t<div class=\"elementor-widget-container\">\n\t\t\t<div class=\"elementor-heading-title elementor-size-default\">@aventussportsclub<\/div>\t\t<\/div>\n\t\t\t\t<\/div>\n\t\t\t\t<div class=\"elementor-element elementor-element-f337aee elementor-widget elementor-widget-shortcode\" data-id=\"f337aee\" data-element_type=\"widget\" data-widget_type=\"shortcode.default\">\n\t\t\t\t<div class=\"elementor-widget-container\">\n\t\t\t\t\t<div class=\"elementor-shortcode\"><style type=\"text\/css\">.zoom-instagram.feed-283{font-size:14px!important;padding:1px!important;}.zoom-instagram.feed-283 .zoom-instagram-widget__items{gap:10px!important;}.zoom-instagram.feed-283 .zoom-instagram-widget__items img {width:240px!important;}.zoom-instagram.feed-283 .zoom-instagram-widget__items.layout-fullwidth{grid-template-columns:repeat(4,1fr);}<\/style>\n&#8230;<\/div>\n\t\t\t\t<\/div>\n\t\t\t\t<\/div>\n\t\t\t\t<div class=\"elementor-element elementor-element-f87193b elementor-align-center elementor-widget elementor-widget-button\" data-id=\"f87193b\" data-element_type=\"widget\" data-widget_type=\"button.default\">\n\t\t\t\t<div class=\"elementor-widget-container\">\n\t\t\t\t\t<div class=\"elementor-button-wrapper\">\n\t\t\t<a class=\"elementor-button elementor-button-link elementor-size-sm\" href=\"https:\/\/www.instagram.com\/aventussportsclub\" target=\"_blank\">\n\t\t\t\t\t\t<span class=\"elementor-button-content-wrapper\">\n\t\t\t\t\t\t\t\t\t<span class=\"elementor-button-text\">Auf Instagram ansehen<\/span>\n\t\t\t\t\t<\/span>\n\t\t\t\t\t<\/a>\n\t\t<\/div>\n\t\t\t\t<\/div>\n\t\t\t\t<\/div>\n\t\t\t\t\t<\/div>\n\t\t\t\t<\/div>\n\t\t\t\t<\/div>\n\t\t","protected":false},"excerpt":{"rendered":"<p>Willkommen im Aventus Sports Club Aventus Padel ist ein exklusiver Padel-Club mit 8 hochmodernen, von der World Padel Tour anerkannten Pl\u00e4tzen, die ein professionelles Spielerlebnis bieten. Die Einrichtungen sind sowohl f\u00fcr Elite-Spieler als auch f\u00fcr Amateure gedacht, die das beste Padel in einer modernen und einladenden Atmosph\u00e4re genie\u00dfen m\u00f6chten. Aventus Padel zeichnet sich durch seine [&hellip;]<\/p>\n","protected":false},"author":2,"featured_media":501,"parent":0,"menu_order":0,"comment_status":"closed","ping_status":"closed","template":"","meta":{"footnotes":""},"class_list":["post-513","page","type-page","status-publish","has-post-thumbnail","hentry"],"blocksy_meta":[],"yoast_head":"<!-- This site is optimized with the Yoast SEO plugin v23.5 - https:\/\/yoast.com\/wordpress\/plugins\/seo\/ -->\n<title>| Padel | Sportverein | Mallorca<\/title>\n<meta name=\"description\" content=\"Aventus Padel ist ein exklusiver Padel-Club mit 8 hochmodernen, von der World Padel Tour zugelassenen Pl\u00e4tzen, die ein professionelles Spielerlebnis bieten.\" \/>\n<meta name=\"robots\" content=\"index, follow, max-snippet:-1, max-image-preview:large, max-video-preview:-1\" \/>\n<link rel=\"canonical\" href=\"https:\/\/aventus.es\/de\/\" \/>\n<meta property=\"og:locale\" content=\"de_DE\" \/>\n<meta property=\"og:type\" content=\"article\" \/>\n<meta property=\"og:title\" content=\"| Padel | Sportverein | Mallorca\" \/>\n<meta property=\"og:description\" content=\"Aventus Padel ist ein exklusiver Padel-Club mit 8 hochmodernen, von der World Padel Tour zugelassenen Pl\u00e4tzen, die ein professionelles Spielerlebnis bieten.\" \/>\n<meta property=\"og:url\" content=\"https:\/\/aventus.es\/de\/\" \/>\n<meta property=\"og:site_name\" content=\"Aventus\" \/>\n<meta property=\"article:modified_time\" content=\"2024-09-30T08:33:26+00:00\" \/>\n<meta property=\"og:image\" content=\"https:\/\/aventus.es\/wp-content\/uploads\/2024\/09\/AB105857.jpg\" \/>\n\t<meta property=\"og:image:width\" content=\"2000\" \/>\n\t<meta property=\"og:image:height\" content=\"1334\" \/>\n\t<meta property=\"og:image:type\" content=\"image\/jpeg\" \/>\n<meta name=\"twitter:card\" content=\"summary_large_image\" \/>\n<meta name=\"twitter:label1\" content=\"Gesch\u00e4tzte Lesezeit\" \/>\n\t<meta name=\"twitter:data1\" content=\"2\u00a0Minuten\" \/>\n<script type=\"application\/ld+json\" class=\"yoast-schema-graph\">{\"@context\":\"https:\/\/schema.org\",\"@graph\":[{\"@type\":\"WebPage\",\"@id\":\"https:\/\/aventus.es\/de\/\",\"url\":\"https:\/\/aventus.es\/de\/\",\"name\":\"| Padel | Sportverein | Mallorca\",\"isPartOf\":{\"@id\":\"https:\/\/aventus.es\/de\/#website\"},\"primaryImageOfPage\":{\"@id\":\"https:\/\/aventus.es\/de\/#primaryimage\"},\"image\":{\"@id\":\"https:\/\/aventus.es\/de\/#primaryimage\"},\"thumbnailUrl\":\"https:\/\/aventus.es\/wp-content\/uploads\/2024\/09\/DJI_0881.jpg\",\"datePublished\":\"2024-08-10T09:06:42+00:00\",\"dateModified\":\"2024-09-30T08:33:26+00:00\",\"description\":\"Aventus Padel ist ein exklusiver Padel-Club mit 8 hochmodernen, von der World Padel Tour zugelassenen Pl\u00e4tzen, die ein professionelles Spielerlebnis bieten.\",\"breadcrumb\":{\"@id\":\"https:\/\/aventus.es\/de\/#breadcrumb\"},\"inLanguage\":\"de\",\"potentialAction\":[{\"@type\":\"ReadAction\",\"target\":[\"https:\/\/aventus.es\/de\/\"]}]},{\"@type\":\"ImageObject\",\"inLanguage\":\"de\",\"@id\":\"https:\/\/aventus.es\/de\/#primaryimage\",\"url\":\"https:\/\/aventus.es\/wp-content\/uploads\/2024\/09\/DJI_0881.jpg\",\"contentUrl\":\"https:\/\/aventus.es\/wp-content\/uploads\/2024\/09\/DJI_0881.jpg\",\"width\":2000,\"height\":1334,\"caption\":\"Instalaciones de padel y gimnasio para ofrecer el mejor servicio con la mejor calidad\"},{\"@type\":\"BreadcrumbList\",\"@id\":\"https:\/\/aventus.es\/de\/#breadcrumb\",\"itemListElement\":[{\"@type\":\"ListItem\",\"position\":1,\"name\":\"Home\",\"item\":\"https:\/\/aventus.es\/de\/\"},{\"@type\":\"ListItem\",\"position\":2,\"name\":\"Aventus\"}]},{\"@type\":\"WebSite\",\"@id\":\"https:\/\/aventus.es\/de\/#website\",\"url\":\"https:\/\/aventus.es\/de\/\",\"name\":\"Aventus\",\"description\":\"Sports Club Mallorca\",\"publisher\":{\"@id\":\"https:\/\/aventus.es\/de\/#organization\"},\"potentialAction\":[{\"@type\":\"SearchAction\",\"target\":{\"@type\":\"EntryPoint\",\"urlTemplate\":\"https:\/\/aventus.es\/de\/?s={search_term_string}\"},\"query-input\":{\"@type\":\"PropertyValueSpecification\",\"valueRequired\":true,\"valueName\":\"search_term_string\"}}],\"inLanguage\":\"de\"},{\"@type\":\"Organization\",\"@id\":\"https:\/\/aventus.es\/de\/#organization\",\"name\":\"Aventus\",\"url\":\"https:\/\/aventus.es\/de\/\",\"logo\":{\"@type\":\"ImageObject\",\"inLanguage\":\"de\",\"@id\":\"https:\/\/aventus.es\/de\/#\/schema\/logo\/image\/\",\"url\":\"https:\/\/aventus.es\/wp-content\/uploads\/2024\/09\/Aventus_SC_full_mailsign.png\",\"contentUrl\":\"https:\/\/aventus.es\/wp-content\/uploads\/2024\/09\/Aventus_SC_full_mailsign.png\",\"width\":200,\"height\":121,\"caption\":\"Aventus\"},\"image\":{\"@id\":\"https:\/\/aventus.es\/de\/#\/schema\/logo\/image\/\"}}]}<\/script>\n<!-- \/ Yoast SEO plugin. -->","yoast_head_json":{"title":"| Padel | Sportverein | Mallorca","description":"Aventus Padel ist ein exklusiver Padel-Club mit 8 hochmodernen, von der World Padel Tour zugelassenen Pl\u00e4tzen, die ein professionelles Spielerlebnis bieten.","robots":{"index":"index","follow":"follow","max-snippet":"max-snippet:-1","max-image-preview":"max-image-preview:large","max-video-preview":"max-video-preview:-1"},"canonical":"https:\/\/aventus.es\/de\/","og_locale":"de_DE","og_type":"article","og_title":"| Padel | Sportverein | Mallorca","og_description":"Aventus Padel ist ein exklusiver Padel-Club mit 8 hochmodernen, von der World Padel Tour zugelassenen Pl\u00e4tzen, die ein professionelles Spielerlebnis bieten.","og_url":"https:\/\/aventus.es\/de\/","og_site_name":"Aventus","article_modified_time":"2024-09-30T08:33:26+00:00","og_image":[{"width":2000,"height":1334,"url":"https:\/\/aventus.es\/wp-content\/uploads\/2024\/09\/AB105857.jpg","type":"image\/jpeg"}],"twitter_card":"summary_large_image","twitter_misc":{"Gesch\u00e4tzte Lesezeit":"2\u00a0Minuten"},"schema":{"@context":"https:\/\/schema.org","@graph":[{"@type":"WebPage","@id":"https:\/\/aventus.es\/de\/","url":"https:\/\/aventus.es\/de\/","name":"| Padel | Sportverein | Mallorca","isPartOf":{"@id":"https:\/\/aventus.es\/de\/#website"},"primaryImageOfPage":{"@id":"https:\/\/aventus.es\/de\/#primaryimage"},"image":{"@id":"https:\/\/aventus.es\/de\/#primaryimage"},"thumbnailUrl":"https:\/\/aventus.es\/wp-content\/uploads\/2024\/09\/DJI_0881.jpg","datePublished":"2024-08-10T09:06:42+00:00","dateModified":"2024-09-30T08:33:26+00:00","description":"Aventus Padel ist ein exklusiver Padel-Club mit 8 hochmodernen, von der World Padel Tour zugelassenen Pl\u00e4tzen, die ein professionelles Spielerlebnis bieten.","breadcrumb":{"@id":"https:\/\/aventus.es\/de\/#breadcrumb"},"inLanguage":"de","potentialAction":[{"@type":"ReadAction","target":["https:\/\/aventus.es\/de\/"]}]},{"@type":"ImageObject","inLanguage":"de","@id":"https:\/\/aventus.es\/de\/#primaryimage","url":"https:\/\/aventus.es\/wp-content\/uploads\/2024\/09\/DJI_0881.jpg","contentUrl":"https:\/\/aventus.es\/wp-content\/uploads\/2024\/09\/DJI_0881.jpg","width":2000,"height":1334,"caption":"Instalaciones de padel y gimnasio para ofrecer el mejor servicio con la mejor calidad"},{"@type":"BreadcrumbList","@id":"https:\/\/aventus.es\/de\/#breadcrumb","itemListElement":[{"@type":"ListItem","position":1,"name":"Home","item":"https:\/\/aventus.es\/de\/"},{"@type":"ListItem","position":2,"name":"Aventus"}]},{"@type":"WebSite","@id":"https:\/\/aventus.es\/de\/#website","url":"https:\/\/aventus.es\/de\/","name":"Aventus","description":"Sports Club Mallorca","publisher":{"@id":"https:\/\/aventus.es\/de\/#organization"},"potentialAction":[{"@type":"SearchAction","target":{"@type":"EntryPoint","urlTemplate":"https:\/\/aventus.es\/de\/?s={search_term_string}"},"query-input":{"@type":"PropertyValueSpecification","valueRequired":true,"valueName":"search_term_string"}}],"inLanguage":"de"},{"@type":"Organization","@id":"https:\/\/aventus.es\/de\/#organization","name":"Aventus","url":"https:\/\/aventus.es\/de\/","logo":{"@type":"ImageObject","inLanguage":"de","@id":"https:\/\/aventus.es\/de\/#\/schema\/logo\/image\/","url":"https:\/\/aventus.es\/wp-content\/uploads\/2024\/09\/Aventus_SC_full_mailsign.png","contentUrl":"https:\/\/aventus.es\/wp-content\/uploads\/2024\/09\/Aventus_SC_full_mailsign.png","width":200,"height":121,"caption":"Aventus"},"image":{"@id":"https:\/\/aventus.es\/de\/#\/schema\/logo\/image\/"}}]}},"_links":{"self":[{"href":"https:\/\/aventus.es\/de\/wp-json\/wp\/v2\/pages\/513","targetHints":{"allow":["GET"]}}],"collection":[{"href":"https:\/\/aventus.es\/de\/wp-json\/wp\/v2\/pages"}],"about":[{"href":"https:\/\/aventus.es\/de\/wp-json\/wp\/v2\/types\/page"}],"author":[{"embeddable":true,"href":"https:\/\/aventus.es\/de\/wp-json\/wp\/v2\/users\/2"}],"replies":[{"embeddable":true,"href":"https:\/\/aventus.es\/de\/wp-json\/wp\/v2\/comments?post=513"}],"version-history":[{"count":4,"href":"https:\/\/aventus.es\/de\/wp-json\/wp\/v2\/pages\/513\/revisions"}],"predecessor-version":[{"id":546,"href":"https:\/\/aventus.es\/de\/wp-json\/wp\/v2\/pages\/513\/revisions\/546"}],"wp:featuredmedia":[{"embeddable":true,"href":"https:\/\/aventus.es\/de\/wp-json\/wp\/v2\/media\/501"}],"wp:attachment":[{"href":"https:\/\/aventus.es\/de\/wp-json\/wp\/v2\/media?parent=513"}],"curies":[{"name":"wp","href":"https:\/\/api.w.org\/{rel}","templated":true}]}}